
{"id":196,"date":"2021-05-24T13:48:48","date_gmt":"2021-05-24T16:48:48","guid":{"rendered":"https:\/\/www.toindo.com.br\/brasesul2022\/?page_id=196"},"modified":"2021-08-19T14:55:43","modified_gmt":"2021-08-19T17:55:43","slug":"perguntas","status":"publish","type":"page","link":"https:\/\/www.toindo.com.br\/brasesul2022\/perguntas\/","title":{"rendered":"Perguntas"},"content":{"rendered":"<p>[et_pb_section fb_built=&#8221;1&#8243; admin_label=&#8221;About&#8221; _builder_version=&#8221;4.9.4&#8243; background_color=&#8221;rgba(242,242,242,0.39)&#8221; custom_padding=&#8221;90px|0px|90px|0px&#8221; da_disable_devices=&#8221;off|off|off&#8221; da_is_popup=&#8221;off&#8221; da_exit_intent=&#8221;off&#8221; da_has_close=&#8221;on&#8221; da_alt_close=&#8221;off&#8221; da_dark_close=&#8221;off&#8221; da_not_modal=&#8221;on&#8221; da_is_singular=&#8221;off&#8221; da_with_loader=&#8221;off&#8221; da_has_shadow=&#8221;on&#8221;][et_pb_row _builder_version=&#8221;3.25&#8243;][et_pb_column type=&#8221;4_4&#8243; _builder_version=&#8221;3.25&#8243; custom_padding=&#8221;|||&#8221; custom_padding__hover=&#8221;|||&#8221;][et_pb_text _builder_version=&#8221;3.27.4&#8243; text_font=&#8221;Montserrat|500||on|||||&#8221; text_text_color=&#8221;rgba(0,0,0,0.24)&#8221; text_orientation=&#8221;center&#8221;]<\/p>\n<p>FAQ<\/p>\n<p>[\/et_pb_text][et_pb_divider divider_weight=&#8221;3px&#8221; _builder_version=&#8221;4.9.4&#8243; max_width=&#8221;100px&#8221; module_alignment=&#8221;center&#8221; height=&#8221;7px&#8221;][\/et_pb_divider][et_pb_text _builder_version=&#8221;4.9.4&#8243; text_font=&#8221;||||||||&#8221; header_font=&#8221;||||||||&#8221; header_2_font=&#8221;Montserrat|500|||||||&#8221; header_2_font_size=&#8221;30px&#8221; text_orientation=&#8221;center&#8221;]<\/p>\n<h2>FAQ &#8211; Perguntas Frequentes<\/h2>\n<p>[\/et_pb_text][\/et_pb_column][\/et_pb_row][et_pb_row _builder_version=&#8221;4.9.4&#8243; custom_margin=&#8221;|||&#8221;][et_pb_column type=&#8221;4_4&#8243; _builder_version=&#8221;3.25&#8243; custom_padding=&#8221;|||&#8221; custom_padding__hover=&#8221;|||&#8221;][et_pb_blurb title=&#8221;Sobre o evento&#8221; use_icon=&#8221;on&#8221; font_icon=&#8221;%%243%%&#8221; icon_placement=&#8221;left&#8221; content_max_width=&#8221;240px&#8221; use_icon_font_size=&#8221;on&#8221; _builder_version=&#8221;4.9.4&#8243; header_font=&#8221;Montserrat|500|||||||&#8221; header_line_height=&#8221;1.8em&#8221; body_font=&#8221;Montserrat|300|||||||&#8221; body_font_size=&#8221;17px&#8221; body_line_height=&#8221;1.8em&#8221; module_alignment=&#8221;center&#8221; custom_margin=&#8221;80px||0px|&#8221; custom_padding=&#8221;|||&#8221;][\/et_pb_blurb][et_pb_toggle title=&#8221;1) Fiz minha inscri\u00e7\u00e3o para o evento que seria em agosto 2021, ela \u00e9 v\u00e1lida para maio 2022? &#8221; _builder_version=&#8221;4.9.4&#8243; title_text_color=&#8221;#000000&#8243; title_font=&#8221;Montserrat|300|||||||&#8221; title_line_height=&#8221;1.8em&#8221; body_font=&#8221;Montserrat|300|||||||&#8221; body_font_size=&#8221;16px&#8221; body_line_height=&#8221;1.8em&#8221; background_color=&#8221;rgba(0,0,0,0)&#8221; custom_margin=&#8221;||0px|28px&#8221; custom_padding=&#8221;|||&#8221; border_width_all=&#8221;0px&#8221;]<\/p>\n<p><span>Sim, sua inscri\u00e7\u00e3o j\u00e1 efetuada para Agosto 2021, \u00e9<\/span><strong>\u00a0V\u00c1LIDA<\/strong><span> para o evento de Maio 2022.<\/span><\/p>\n<p>[\/et_pb_toggle][et_pb_toggle title=&#8221;2) Recebi o convite de uma seguradora e n\u00e3o realizei minha inscri\u00e7\u00e3o no prazo informado, como proceder?&#8221; _builder_version=&#8221;4.9.4&#8243; title_text_color=&#8221;#000000&#8243; title_font=&#8221;Montserrat|300|||||||&#8221; title_line_height=&#8221;1.8em&#8221; body_font=&#8221;Montserrat|300|||||||&#8221; body_font_size=&#8221;16px&#8221; body_line_height=&#8221;1.8em&#8221; background_color=&#8221;rgba(0,0,0,0)&#8221; custom_margin=&#8221;||0px|28px&#8221; custom_padding=&#8221;|||&#8221; border_width_all=&#8221;0px&#8221;]<\/p>\n<p><span>Utilize o mesmo c\u00f3digo recebido e se inscreva atrav\u00e9s do site <\/span><a data-cke-saved-href=\"https:\/\/www.toindo.com.br\/convidado\/\" href=\"https:\/\/www.toindo.com.br\/convidado\/\" target=\"_blank\" rel=\"noopener\">https:\/\/www.toindo.com.br\/convidado<\/a><span>\u00a0<\/span><\/p>\n<p>[\/et_pb_toggle][et_pb_toggle title=&#8221;3) Fiz a inscri\u00e7\u00e3o, paguei e ainda n\u00e3o tenho hotel o que devo fazer?&#8221; _builder_version=&#8221;4.9.4&#8243; title_text_color=&#8221;#000000&#8243; title_font=&#8221;Montserrat|300|||||||&#8221; title_line_height=&#8221;1.8em&#8221; body_font=&#8221;Montserrat|300|||||||&#8221; body_font_size=&#8221;16px&#8221; body_line_height=&#8221;1.8em&#8221; background_color=&#8221;rgba(0,0,0,0)&#8221; custom_margin=&#8221;||0px|28px&#8221; custom_padding=&#8221;|||&#8221; border_width_all=&#8221;0px&#8221;]<\/p>\n<p style=\"text-align: justify;\">Entre em contato conosco atrav\u00e9s do e-mail\u00a0<strong><a href=\"mailto:brasesul@toindoviagens.com.br\">brasesul@toindoviagens.com.br<\/a><\/strong>\u00a0informando a data de chegada e sa\u00edda e o n\u00famero de pessoas por apartamento, um de nossos consultores lhe enviar\u00e1 uma cota\u00e7\u00e3o dos hot\u00e9is dispon\u00edveis.<\/p>\n<p>[\/et_pb_toggle][et_pb_toggle title=&#8221;4) Estou pagando o meu pacote, inscri\u00e7\u00e3o\/hotel, e desejo ir em agosto o que fa\u00e7o?&#8221; _builder_version=&#8221;4.9.4&#8243; title_text_color=&#8221;#000000&#8243; title_font=&#8221;Montserrat|300|||||||&#8221; title_line_height=&#8221;1.8em&#8221; body_font=&#8221;Montserrat|300|||||||&#8221; body_font_size=&#8221;16px&#8221; body_line_height=&#8221;1.8em&#8221; background_color=&#8221;rgba(0,0,0,0)&#8221; custom_margin=&#8221;||0px|28px&#8221; custom_padding=&#8221;|||&#8221; border_width_all=&#8221;0px&#8221;]<\/p>\n<p style=\"text-align: justify;\"><span>Continue\u00a0pagando, sua inscri\u00e7\u00e3o est\u00e1 garantida. Quanto a reserva no mesmo hotel escolhido, aguarde a confirma\u00e7\u00e3o da equipe da T\u00f4 Indo Viagens &amp; Eventos.\u00a0<\/span><\/p>\n<p>[\/et_pb_toggle][et_pb_toggle title=&#8221;5) N\u00e3o posso estar presente na data do evento e j\u00e1 paguei todo pacote, como pe\u00e7o a devolu\u00e7\u00e3o\/reembolso?&#8221; _builder_version=&#8221;4.9.4&#8243; title_text_color=&#8221;#000000&#8243; title_font=&#8221;Montserrat|300|||||||&#8221; title_line_height=&#8221;1.8em&#8221; body_font=&#8221;Montserrat|300|||||||&#8221; body_font_size=&#8221;16px&#8221; body_line_height=&#8221;1.8em&#8221; background_color=&#8221;rgba(0,0,0,0)&#8221; custom_margin=&#8221;||0px|28px&#8221; custom_padding=&#8221;|||&#8221; border_width_all=&#8221;0px&#8221;]<\/p>\n<p style=\"text-align: justify;\"><span>Entre em contato com a T\u00f4 Indo Viagens &amp; Eventos atrav\u00e9s do e-mail\u00a0<\/span><a href=\"mailto:brasesul@toindoviagens.com.br\"><strong><u>brasesul@toindoviagens.com.br<\/u><\/strong><\/a><span>\u00a0informando no assunto \u201c\u00a0<\/span><strong>SOLICITA\u00c7\u00c3O DE REEMBOLSO \u2013 BRASESUL 2020<\/strong><span>\u201d o departamento respons\u00e1vel pelo reembolso de pacote entrar\u00e1 em contato para dar sequ\u00eancia ao processo de devolu\u00e7\u00e3o\/reembolso.<\/span><\/p>\n<p>[\/et_pb_toggle][et_pb_toggle title=&#8221;6) N\u00e3o posso estar presente na data do evento e j\u00e1 paguei minha inscri\u00e7\u00e3o, como solicito a transfer\u00eancia de titularidade ou o reembolso?&#8221; _builder_version=&#8221;4.9.4&#8243; title_text_color=&#8221;#000000&#8243; title_font=&#8221;Montserrat|300|||||||&#8221; title_line_height=&#8221;1.8em&#8221; body_font=&#8221;Montserrat|300|||||||&#8221; body_font_size=&#8221;16px&#8221; body_line_height=&#8221;1.8em&#8221; background_color=&#8221;rgba(0,0,0,0)&#8221; custom_margin=&#8221;||0px|28px&#8221; custom_padding=&#8221;|||&#8221; border_width_all=&#8221;0px&#8221;]<\/p>\n<p style=\"text-align: justify;\"><span>Entre em contato com a T\u00f4 Indo Viagens &amp; Eventos atrav\u00e9s do e-mail\u00a0<\/span><u><a href=\"mailto:brasesul@toindoviagens.com.br\"><strong>brasesul@toindoviagens.com.br<\/strong><\/a><\/u><span>\u00a0informando no assunto \u201c\u00a0<\/span><strong>TRANSFER\u00caNCIA DE TITULARIDADE \u2013 INSCRI\u00c7\u00c3O ou \u201cSOLICITA\u00c7\u00c3O DE REEMBOLSO &#8211; INSCRI\u00c7\u00c3O<\/strong><span>\u201d o departamento respons\u00e1vel pelo reembolso das inscri\u00e7\u00f5es entrar\u00e1 em contato para dar sequ\u00eancia ao processo de transfer\u00eancia de titularidade ou de reembolso.<\/span><\/p>\n<p>[\/et_pb_toggle][et_pb_toggle title=&#8221;7) Programa\u00e7\u00e3o\/Parceiros e Expositores est\u00e3o confirmados?&#8221; _builder_version=&#8221;4.9.4&#8243; title_text_color=&#8221;#000000&#8243; title_font=&#8221;Montserrat|300|||||||&#8221; title_line_height=&#8221;1.8em&#8221; body_font=&#8221;Montserrat|300|||||||&#8221; body_font_size=&#8221;16px&#8221; body_line_height=&#8221;1.8em&#8221; background_color=&#8221;rgba(0,0,0,0)&#8221; custom_margin=&#8221;||0px|28px&#8221; custom_padding=&#8221;|||&#8221; border_width_all=&#8221;0px&#8221;]<\/p>\n<p style=\"text-align: justify;\"><span>A organiza\u00e7\u00e3o do evento est\u00e1 trabalhando para que a programa\u00e7\u00e3o do evento e da feira sejam disponibilizados o quanto antes, n\u00e3o poupando esfor\u00e7os para que ambas possam manter seu conte\u00fado e se alteradas, para atra\u00e7\u00f5es de ainda mais relev\u00e2ncia para os participantes.<\/span><\/p>\n<p>[\/et_pb_toggle][et_pb_toggle title=&#8221;8) Onde posso realizar minha inscri\u00e7\u00e3o para o evento?&#8221; _builder_version=&#8221;4.9.4&#8243; title_text_color=&#8221;#000000&#8243; title_font=&#8221;Montserrat|300|||||||&#8221; title_line_height=&#8221;1.8em&#8221; body_font=&#8221;Montserrat|300|||||||&#8221; body_font_size=&#8221;16px&#8221; body_line_height=&#8221;1.8em&#8221; background_color=&#8221;rgba(0,0,0,0)&#8221; custom_margin=&#8221;||0px|28px&#8221; custom_padding=&#8221;|||&#8221; border_width_all=&#8221;0px&#8221;]<\/p>\n<p>Clique <a href=\"https:\/\/www.sympla.com.br\/brasesul-2022__537053\" target=\"_blank\" rel=\"noopener\">aqui<\/a> para realizar sua inscri\u00e7\u00e3o.<\/p>\n<p>[\/et_pb_toggle][et_pb_toggle title=&#8221;9) A inscri\u00e7\u00e3o contempla?&#8221; _builder_version=&#8221;4.9.4&#8243; title_text_color=&#8221;#000000&#8243; title_font=&#8221;Montserrat|300|||||||&#8221; title_line_height=&#8221;1.8em&#8221; body_font=&#8221;Montserrat|300|||||||&#8221; body_font_size=&#8221;16px&#8221; body_line_height=&#8221;1.8em&#8221; background_color=&#8221;rgba(0,0,0,0)&#8221; custom_margin=&#8221;||0px|28px&#8221; custom_padding=&#8221;|||&#8221; border_width_all=&#8221;0px&#8221;]<\/p>\n<p>&#8211; Acesso aos dois dias de evento com participa\u00e7\u00e3o nas palestras, sorteio de brindes, sorteio dos carros, visita\u00e7\u00e3o \u00e0 feira, coquetel de abertura &#8211; 26 de maio, almo\u00e7o &#8211; dia 27 de maio, jantar encerramento &#8211; 27 de maio, certificado online.<\/p>\n<p>* O translado gratuito somente ser\u00e1 oferecido do percurso hotel\/evento\/hotel, e para os participantes que estiverem hospedados nos hot\u00e9is: Bourbon Business, Continental Inn, Hotel Foz do Igua\u00e7u, Golden Park Internacional Foz, Ibis Budget Foz do Igua\u00e7u, Luz, Nadai Confort &amp; Spa, Pietro Angelo e Viale Tower, e que forem adquiridos atrav\u00e9s da ag\u00eancia oficial T\u00f4 Indo Viagens &amp; Eventos.<\/p>\n<p>[\/et_pb_toggle][et_pb_toggle title=&#8221;10) Qual idade m\u00ednima para participar?&#8221; _builder_version=&#8221;4.9.4&#8243; title_text_color=&#8221;#000000&#8243; title_font=&#8221;Montserrat|300|||||||&#8221; title_line_height=&#8221;1.8em&#8221; body_font=&#8221;Montserrat|300|||||||&#8221; body_font_size=&#8221;16px&#8221; body_line_height=&#8221;1.8em&#8221; background_color=&#8221;rgba(0,0,0,0)&#8221; custom_margin=&#8221;||0px|28px&#8221; custom_padding=&#8221;|||&#8221; border_width_all=&#8221;0px&#8221;]<\/p>\n<p>O evento \u00e9 voltado a todos desde que ele tenha 15 anos completos.<\/p>\n<p>[\/et_pb_toggle][et_pb_toggle title=&#8221;11) Quantos acompanhantes posso levar?&#8221; _builder_version=&#8221;4.9.4&#8243; title_text_color=&#8221;#000000&#8243; title_font=&#8221;Montserrat|300|||||||&#8221; title_line_height=&#8221;1.8em&#8221; body_font=&#8221;Montserrat|300|||||||&#8221; body_font_size=&#8221;16px&#8221; body_line_height=&#8221;1.8em&#8221; background_color=&#8221;rgba(0,0,0,0)&#8221; custom_margin=&#8221;||0px|28px&#8221; custom_padding=&#8221;|||&#8221; border_width_all=&#8221;0px&#8221;]<\/p>\n<p>Voc\u00ea poder\u00e1 levar quantos acompanhantes quiser, desde que tenha realizado com anteced\u00eancia a inscri\u00e7\u00e3o como Acompanhante no site.<\/p>\n<p>[\/et_pb_toggle][et_pb_toggle title=&#8221;12) O evento ir\u00e1 disponibilizar passeios?&#8221; _builder_version=&#8221;4.9.4&#8243; title_text_color=&#8221;#000000&#8243; title_font=&#8221;Montserrat|300|||||||&#8221; title_line_height=&#8221;1.8em&#8221; body_font=&#8221;Montserrat|300|||||||&#8221; body_font_size=&#8221;16px&#8221; body_line_height=&#8221;1.8em&#8221; background_color=&#8221;rgba(0,0,0,0)&#8221; custom_margin=&#8221;||0px|28px&#8221; custom_padding=&#8221;|||&#8221; border_width_all=&#8221;0px&#8221;]<\/p>\n<p>O evento n\u00e3o, mas junto ao credenciamento a NW7 Travel ter\u00e1 montada uma central de vendas para os participantes que tenham interesse. O valor dos passeios ser\u00e1 cobrado no ato da compra.<\/p>\n<p>[\/et_pb_toggle][et_pb_toggle title=&#8221;13) Quem poder\u00e1 participar dos sorteios dos carros?&#8221; _builder_version=&#8221;4.9.4&#8243; title_text_color=&#8221;#000000&#8243; title_font=&#8221;Montserrat|300|||||||&#8221; title_line_height=&#8221;1.8em&#8221; body_font=&#8221;Montserrat|300|||||||&#8221; body_font_size=&#8221;16px&#8221; body_line_height=&#8221;1.8em&#8221; background_color=&#8221;rgba(0,0,0,0)&#8221; custom_margin=&#8221;||0px|28px&#8221; custom_padding=&#8221;|||&#8221; border_width_all=&#8221;0px&#8221;]<\/p>\n<p>Apenas corretores de seguro quem possuam SUSEP na pessoa f\u00edsica.<\/p>\n<p>[\/et_pb_toggle][et_pb_toggle title=&#8221;14) Ainda tenho d\u00favida, com quem posso falar?&#8221; _builder_version=&#8221;4.9.4&#8243; title_text_color=&#8221;#000000&#8243; title_font=&#8221;Montserrat|300|||||||&#8221; title_line_height=&#8221;1.8em&#8221; body_font=&#8221;Montserrat|300|||||||&#8221; body_font_size=&#8221;16px&#8221; body_line_height=&#8221;1.8em&#8221; background_color=&#8221;rgba(0,0,0,0)&#8221; custom_margin=&#8221;||0px|28px&#8221; custom_padding=&#8221;|||&#8221; border_width_all=&#8221;0px&#8221;]<\/p>\n<p>Criamos um Canal especial para estas D\u00favidas e Esclarecimentos:<\/p>\n<p>E-mail:\u00a0<strong><a href=\"mailto:brasesul@toindoviagens.com.br\">brasesul@toindoviagens.com.br<\/a><\/strong><\/p>\n<p>Telefone fixo: <strong>(47) 3322-6622<\/strong><\/p>\n<p>Whatsapp:<span>\u00a0<\/span><strong><a href=\"https:\/\/api.whatsapp.com\/send?l=pt_pt&amp;phone=5541998303737\">(41) 9.9830-3737<\/a><\/strong><\/p>\n<p>[\/et_pb_toggle][et_pb_blurb title=&#8221;Sobre a\u00e9reos&#8221; use_icon=&#8221;on&#8221; font_icon=&#8221;%%121%%&#8221; icon_placement=&#8221;left&#8221; content_max_width=&#8221;240px&#8221; use_icon_font_size=&#8221;on&#8221; _builder_version=&#8221;4.9.4&#8243; header_font=&#8221;Montserrat|500|||||||&#8221; header_text_color=&#8221;#&#8221; header_line_height=&#8221;1.8em&#8221; body_font=&#8221;Montserrat|300|||||||&#8221; body_font_size=&#8221;17px&#8221; body_line_height=&#8221;1.8em&#8221; custom_margin=&#8221;80px||0px|&#8221; custom_padding=&#8221;|||&#8221; locked=&#8221;off&#8221;][\/et_pb_blurb][et_pb_toggle title=&#8221;1) Comprei o a\u00e9reo para mar\u00e7o 2021 e troquei para agosto 2021, e agora?&#8221; _builder_version=&#8221;4.9.4&#8243; title_text_color=&#8221;#000000&#8243; title_font=&#8221;Montserrat|300|||||||&#8221; title_line_height=&#8221;1.8em&#8221; body_font=&#8221;Montserrat|300|||||||&#8221; body_font_size=&#8221;16px&#8221; body_line_height=&#8221;1.8em&#8221; background_color=&#8221;rgba(0,0,0,0)&#8221; custom_margin=&#8221;||0px|28px&#8221; custom_padding=&#8221;|||&#8221; border_width_all=&#8221;0px&#8221;]<\/p>\n<p style=\"text-align: justify;\"><span>Cada CIA a\u00e9rea tem suas pr\u00f3prias regras, se voc\u00ea comprou com a T\u00f4 Indo Viagens, entre em contato atrav\u00e9s do e-mail\u00a0<\/span><strong><a href=\"mailto:brasesul@toindoviagens.com.br\">brasesul@toindoviagens.com.br<\/a><\/strong><span>.<\/span><\/p>\n<p>[\/et_pb_toggle][et_pb_blurb title=&#8221;Sobre hospedagem&#8221; use_icon=&#8221;on&#8221; font_icon=&#8221;%%236%%&#8221; icon_placement=&#8221;left&#8221; content_max_width=&#8221;250px&#8221; use_icon_font_size=&#8221;on&#8221; _builder_version=&#8221;4.9.4&#8243; header_font=&#8221;Montserrat|500|||||||&#8221; header_text_color=&#8221;#&#8221; header_line_height=&#8221;1.8em&#8221; body_font=&#8221;Montserrat|300|||||||&#8221; body_font_size=&#8221;17px&#8221; body_line_height=&#8221;1.8em&#8221; module_alignment=&#8221;center&#8221; custom_margin=&#8221;80px||0px|&#8221; custom_padding=&#8221;|||&#8221; locked=&#8221;off&#8221;][\/et_pb_blurb][et_pb_toggle title=&#8221;1) Minha reserva de hotel est\u00e1 v\u00e1lida para a nova data?&#8221; _builder_version=&#8221;4.9.4&#8243; title_text_color=&#8221;#000000&#8243; title_font=&#8221;Montserrat|300|||||||&#8221; title_line_height=&#8221;1.8em&#8221; body_font=&#8221;Montserrat|300|||||||&#8221; body_font_size=&#8221;16px&#8221; body_line_height=&#8221;1.8em&#8221; background_color=&#8221;rgba(0,0,0,0)&#8221; custom_margin=&#8221;||0px|28px&#8221; custom_padding=&#8221;|||&#8221; border_width_all=&#8221;0px&#8221;]<\/p>\n<p style=\"text-align: justify;\">A T\u00f4 Indo Viagens &amp; Eventos est\u00e1 conversando com todos os hot\u00e9is\u00a0 homologados para o evento, em breve comunicar\u00e1 a todos que j\u00e1 possu\u00edam sua reserva confirmada como proceder para a altera\u00e7\u00e3o de data.<br \/>Caso n\u00e3o tenha recebido nosso contato, nos enviei um e-mail no\u00a0<a href=\"mailto:brasesul@toindoviagens.com.br\"><strong>brasesul@toindoviagens.com.br<\/strong><\/a><\/p>\n<p>[\/et_pb_toggle][et_pb_toggle title=&#8221;2) Comprei minha hospedagem para o Brasesul e j\u00e1 efetuei o pagamento total, mas n\u00e3o ficarei mais a mesma quantidade de noites. Como fa\u00e7o para alterar?&#8221; _builder_version=&#8221;4.9.4&#8243; title_text_color=&#8221;#000000&#8243; title_font=&#8221;Montserrat|300|||||||&#8221; title_line_height=&#8221;1.8em&#8221; body_font=&#8221;Montserrat|300|||||||&#8221; body_font_size=&#8221;16px&#8221; body_line_height=&#8221;1.8em&#8221; background_color=&#8221;rgba(0,0,0,0)&#8221; custom_margin=&#8221;||0px|28px&#8221; custom_padding=&#8221;|||&#8221; border_width_all=&#8221;0px&#8221;]<\/p>\n<p style=\"text-align: justify;\">Entre em contato com a equipe da T\u00f4 Indo Viagens &amp; Eventos atrav\u00e9s do e-mail:<\/p>\n<p style=\"text-align: center;\"><a href=\"mailto:brasesul@toindoviagens.com.br\"><strong>brasesul@toindoviagens.com.br<\/strong><\/a><\/p>\n<p style=\"text-align: justify;\">que o setor respons\u00e1vel pelas hospedagens entrar\u00e1 em contato para adequa\u00e7\u00e3o da quantidade de noite.<\/p>\n<p>[\/et_pb_toggle][et_pb_toggle title=&#8221;3) Ser\u00e1 disponibilizado transporte gratuito at\u00e9 o local do evento?&#8221; _builder_version=&#8221;4.9.4&#8243; title_text_color=&#8221;#000000&#8243; title_font=&#8221;Montserrat|300|||||||&#8221; title_line_height=&#8221;1.8em&#8221; body_font=&#8221;Montserrat|300|||||||&#8221; body_font_size=&#8221;16px&#8221; body_line_height=&#8221;1.8em&#8221; background_color=&#8221;rgba(0,0,0,0)&#8221; custom_margin=&#8221;||0px|28px&#8221; custom_padding=&#8221;|||&#8221; border_width_all=&#8221;0px&#8221;]<\/p>\n<p>Sim, mas o translado somente ser\u00e1 oferecido no percurso hotel\/evento\/hotel e para os participantes que estiverem hospedados em hot\u00e9is conveniados ao evento.<\/p>\n<p>[\/et_pb_toggle][et_pb_toggle title=&#8221;4) Quais s\u00e3o os hot\u00e9is conveniados ao evento?&#8221; _builder_version=&#8221;4.9.4&#8243; title_text_color=&#8221;#000000&#8243; title_font=&#8221;Montserrat|300|||||||&#8221; title_line_height=&#8221;1.8em&#8221; body_font=&#8221;Montserrat|300|||||||&#8221; body_font_size=&#8221;16px&#8221; body_line_height=&#8221;1.8em&#8221; background_color=&#8221;rgba(0,0,0,0)&#8221; custom_margin=&#8221;||0px|28px&#8221; custom_padding=&#8221;|||&#8221; border_width_all=&#8221;0px&#8221;]<\/p>\n<p>A T\u00f4 Indo Viagens negociou uma tarifa especial para os participantes do evento.<\/p>\n<p>Consultar a lista disponibilizada clicando <a href=\"https:\/\/www.toindo.com.br\/brasesul2022\/hospedagem\/\" target=\"_blank\" rel=\"noopener\"><strong>aqui<\/strong><\/a>.<\/p>\n<p>[\/et_pb_toggle][et_pb_toggle title=&#8221;5) Poderei levar animais de estima\u00e7\u00e3o?&#8221; _builder_version=&#8221;4.9.4&#8243; title_text_color=&#8221;#000000&#8243; title_font=&#8221;Montserrat|300|||||||&#8221; title_line_height=&#8221;1.8em&#8221; body_font=&#8221;Montserrat|300|||||||&#8221; body_font_size=&#8221;16px&#8221; body_line_height=&#8221;1.8em&#8221; background_color=&#8221;rgba(0,0,0,0)&#8221; custom_margin=&#8221;||0px|28px&#8221; custom_padding=&#8221;|||&#8221; border_width_all=&#8221;0px&#8221;]<\/p>\n<p>N\u00e3o ser\u00e1 permitida a entrada de animais no evento, por\u00e9m os dois hot\u00e9is XX e XX conveniados aceitam animais de estima\u00e7\u00e3o.<\/p>\n<p>[\/et_pb_toggle][\/et_pb_column][\/et_pb_row][\/et_pb_section]<\/p>\n","protected":false},"excerpt":{"rendered":"<p>[et_pb_section fb_built=&#8221;1&#8243; admin_label=&#8221;About&#8221; _builder_version=&#8221;4.9.4&#8243; background_color=&#8221;rgba(242,242,242,0.39)&#8221; custom_padding=&#8221;90px|0px|90px|0px&#8221; da_disable_devices=&#8221;off|off|off&#8221; da_is_popup=&#8221;off&#8221; da_exit_intent=&#8221;off&#8221; da_has_close=&#8221;on&#8221; da_alt_close=&#8221;off&#8221; da_dark_close=&#8221;off&#8221; da_not_modal=&#8221;on&#8221; da_is_singular=&#8221;off&#8221; da_with_loader=&#8221;off&#8221; da_has_shadow=&#8221;on&#8221;][et_pb_row _builder_version=&#8221;3.25&#8243;][et_pb_column type=&#8221;4_4&#8243; _builder_version=&#8221;3.25&#8243; custom_padding=&#8221;|||&#8221; custom_padding__hover=&#8221;|||&#8221;][et_pb_text _builder_version=&#8221;3.27.4&#8243; text_font=&#8221;Montserrat|500||on|||||&#8221; text_text_color=&#8221;rgba(0,0,0,0.24)&#8221; text_orientation=&#8221;center&#8221;] FAQ [\/et_pb_text][et_pb_divider divider_weight=&#8221;3px&#8221; _builder_version=&#8221;4.9.4&#8243; max_width=&#8221;100px&#8221; module_alignment=&#8221;center&#8221; height=&#8221;7px&#8221;][\/et_pb_divider][et_pb_text _builder_version=&#8221;4.9.4&#8243; text_font=&#8221;||||||||&#8221; header_font=&#8221;||||||||&#8221; header_2_font=&#8221;Montserrat|500|||||||&#8221; header_2_font_size=&#8221;30px&#8221; text_orientation=&#8221;center&#8221;] FAQ &#8211; Perguntas Frequentes [\/et_pb_text][\/et_pb_column][\/et_pb_row][et_pb_row _builder_version=&#8221;4.9.4&#8243; custom_margin=&#8221;|||&#8221;][et_pb_column type=&#8221;4_4&#8243; _builder_version=&#8221;3.25&#8243; custom_padding=&#8221;|||&#8221; custom_padding__hover=&#8221;|||&#8221;][et_pb_blurb title=&#8221;Sobre o evento&#8221; use_icon=&#8221;on&#8221; font_icon=&#8221;%%243%%&#8221; icon_placement=&#8221;left&#8221; [&hellip;]<\/p>\n","protected":false},"author":4,"featured_media":0,"parent":0,"menu_order":0,"comment_status":"closed","ping_status":"closed","template":"","meta":{"_et_pb_use_builder":"on","_et_pb_old_content":"","_et_gb_content_width":""},"_links":{"self":[{"href":"https:\/\/www.toindo.com.br\/brasesul2022\/wp-json\/wp\/v2\/pages\/196"}],"collection":[{"href":"https:\/\/www.toindo.com.br\/brasesul2022\/wp-json\/wp\/v2\/pages"}],"about":[{"href":"https:\/\/www.toindo.com.br\/brasesul2022\/wp-json\/wp\/v2\/types\/page"}],"author":[{"embeddable":true,"href":"https:\/\/www.toindo.com.br\/brasesul2022\/wp-json\/wp\/v2\/users\/4"}],"replies":[{"embeddable":true,"href":"https:\/\/www.toindo.com.br\/brasesul2022\/wp-json\/wp\/v2\/comments?post=196"}],"version-history":[{"count":22,"href":"https:\/\/www.toindo.com.br\/brasesul2022\/wp-json\/wp\/v2\/pages\/196\/revisions"}],"predecessor-version":[{"id":2052,"href":"https:\/\/www.toindo.com.br\/brasesul2022\/wp-json\/wp\/v2\/pages\/196\/revisions\/2052"}],"wp:attachment":[{"href":"https:\/\/www.toindo.com.br\/brasesul2022\/wp-json\/wp\/v2\/media?parent=196"}],"curies":[{"name":"wp","href":"https:\/\/api.w.org\/{rel}","templated":true}]}}