
{"id":2134,"date":"2021-09-27T16:20:09","date_gmt":"2021-09-27T19:20:09","guid":{"rendered":"https:\/\/www.toindo.com.br\/brasesul2022\/?page_id=2134"},"modified":"2021-10-01T10:57:44","modified_gmt":"2021-10-01T13:57:44","slug":"inscricoes","status":"publish","type":"page","link":"https:\/\/www.toindo.com.br\/brasesul2022\/inscricoes\/","title":{"rendered":"Inscri\u00e7\u00f5es"},"content":{"rendered":"<p>[et_pb_section fb_built=&#8221;1&#8243; admin_label=&#8221;Contact Form&#8221; _builder_version=&#8221;4.9.4&#8243; background_color=&#8221;RGBA(0,0,0,0)&#8221; use_background_color_gradient=&#8221;on&#8221; background_color_gradient_start=&#8221;#ffffff&#8221; background_color_gradient_direction=&#8221;25deg&#8221; background_image=&#8221;https:\/\/www.toindo.com.br\/brasesul2022\/wp-content\/uploads\/2021\/09\/Header.jpg&#8221; parallax=&#8221;on&#8221; parallax_method=&#8221;off&#8221; custom_margin=&#8221;||-60px|||&#8221; custom_padding=&#8221;54px||61px|||&#8221; da_disable_devices=&#8221;off|off|off&#8221; da_is_popup=&#8221;off&#8221; da_exit_intent=&#8221;off&#8221; da_has_close=&#8221;on&#8221; da_alt_close=&#8221;off&#8221; da_dark_close=&#8221;off&#8221; da_not_modal=&#8221;on&#8221; da_is_singular=&#8221;off&#8221; da_with_loader=&#8221;off&#8221; da_has_shadow=&#8221;on&#8221;][et_pb_row _builder_version=&#8221;4.9.4&#8243; _module_preset=&#8221;default&#8221;][et_pb_column type=&#8221;4_4&#8243; _builder_version=&#8221;4.9.4&#8243; _module_preset=&#8221;default&#8221;][et_pb_text _builder_version=&#8221;4.9.4&#8243; _module_preset=&#8221;default&#8221; text_font=&#8221;Montserrat||||||||&#8221; text_text_color=&#8221;#FFFFFF&#8221; text_font_size=&#8221;16px&#8221; text_line_height=&#8221;1.8em&#8221; header_3_font=&#8221;Montserrat||||||||&#8221; header_3_text_color=&#8221;#FFFFFF&#8221; hover_enabled=&#8221;0&#8243; sticky_enabled=&#8221;0&#8243;]<\/p>\n<h3 style=\"font-weight: 500;\">A participa\u00e7\u00e3o no evento inclui:<\/h3>\n<p style=\"font-weight: 300;\">&#8211; Acesso aos dois dias de evento;<\/p>\n<p style=\"font-weight: 300;\">-Palestras e Pain\u00e9is Exclusivos;<\/p>\n<p style=\"font-weight: 300;\">&#8211; Arenas com profissionais do mercado;<\/p>\n<p style=\"font-weight: 300;\">&#8211; Visita\u00e7\u00e3o \u00e0 Feira do Mercado Segurador;<\/p>\n<p style=\"font-weight: 400;\">&#8211; Coquetel de abertura &#8211; 26 de maio;<\/p>\n<p style=\"font-weight: 400;\">&#8211; Almo\u00e7o &#8211; dia 27 de maio<\/p>\n<p style=\"font-weight: 400;\">&#8211; Jantar encerramento &#8211; 27 de maio;<\/p>\n<p style=\"font-weight: 400;\">&#8211; Certificado online.<\/p>\n<p style=\"font-weight: 400;\">* O translado gratuito somente ser\u00e1 oferecido do percurso hotel\/evento\/hotel para os participantes que estiverem hospedados nos hot\u00e9is abaixo relacionados e que forem adquiridos atrav\u00e9s da ag\u00eancia oficial T\u00f4 Indo Viagens &amp; Eventos.<\/p>\n<ul style=\"font-weight: 400;\">\n<li>Bourbon Business<\/li>\n<li>Continental Inn<\/li>\n<li>Hotel Foz do Igua\u00e7u<\/li>\n<li>Golden Park<\/li>\n<li>Ibis Budget Foz<\/li>\n<li>Luz<\/li>\n<li>Nadai<\/li>\n<li>Pietro Angelo<\/li>\n<li>Viale Tower<\/li>\n<\/ul>\n<p style=\"font-weight: 300;\">\n<p style=\"font-weight: 300;\">\n<p style=\"font-weight: 300;\">\n<p style=\"font-weight: 300;\">\n<p style=\"font-weight: 300;\">\n<p style=\"font-weight: 300;\">\n<p>[\/et_pb_text][et_pb_button button_url=&#8221;https:\/\/www.sympla.com.br\/brasesul-2022__537053&#8243; url_new_window=&#8221;on&#8221; button_text=&#8221;Inscreva-se aqui!&#8221; button_alignment=&#8221;center&#8221; _builder_version=&#8221;4.9.4&#8243; custom_button=&#8221;on&#8221; button_text_size=&#8221;21px&#8221; button_text_color=&#8221;#ffffff&#8221; button_bg_color=&#8221;#6ec9d9&#8243; button_border_width=&#8221;0px&#8221; button_border_color=&#8221;rgba(0,0,0,0)&#8221; button_border_radius=&#8221;56px&#8221; button_letter_spacing=&#8221;1px&#8221; button_font=&#8221;Montserrat|500||on|||||&#8221; button_icon=&#8221;%%20%%&#8221; button_icon_color=&#8221;#11630c&#8221; custom_margin=&#8221;-15px||20px||false|false&#8221; animation_style=&#8221;fold&#8221; animation_direction=&#8221;left&#8221; button_text_color_tablet=&#8221;&#8221; button_text_color_phone=&#8221;&#8221; button_text_color_last_edited=&#8221;on|desktop&#8221; button_text_color_hover=&#8221;#ffffff&#8221; button_border_radius_hover=&#8221;100px&#8221; button_letter_spacing_hover=&#8221;3px&#8221; locked=&#8221;off&#8221; button_text_size__hover_enabled=&#8221;off&#8221; button_one_text_size__hover_enabled=&#8221;off&#8221; button_two_text_size__hover_enabled=&#8221;off&#8221; button_text_color__hover_enabled=&#8221;on|desktop&#8221; button_text_color__hover=&#8221;#ffffff&#8221; button_one_text_color__hover_enabled=&#8221;off&#8221; button_two_text_color__hover_enabled=&#8221;off&#8221; button_border_width__hover_enabled=&#8221;off&#8221; button_one_border_width__hover_enabled=&#8221;off&#8221; button_two_border_width__hover_enabled=&#8221;off&#8221; button_border_color__hover_enabled=&#8221;off&#8221; button_one_border_color__hover_enabled=&#8221;off&#8221; button_two_border_color__hover_enabled=&#8221;off&#8221; button_border_radius__hover_enabled=&#8221;on&#8221; button_border_radius__hover=&#8221;100px&#8221; button_one_border_radius__hover_enabled=&#8221;off&#8221; button_two_border_radius__hover_enabled=&#8221;off&#8221; button_letter_spacing__hover_enabled=&#8221;on&#8221; button_letter_spacing__hover=&#8221;3px&#8221; button_one_letter_spacing__hover_enabled=&#8221;off&#8221; button_two_letter_spacing__hover_enabled=&#8221;off&#8221; button_bg_color__hover_enabled=&#8221;off&#8221; button_one_bg_color__hover_enabled=&#8221;off&#8221; button_two_bg_color__hover_enabled=&#8221;off&#8221;][\/et_pb_button][\/et_pb_column][\/et_pb_row][\/et_pb_section]<\/p>\n","protected":false},"excerpt":{"rendered":"<p>[et_pb_section fb_built=&#8221;1&#8243; admin_label=&#8221;Contact Form&#8221; _builder_version=&#8221;4.9.4&#8243; background_color=&#8221;RGBA(0,0,0,0)&#8221; use_background_color_gradient=&#8221;on&#8221; background_color_gradient_start=&#8221;#ffffff&#8221; background_color_gradient_direction=&#8221;25deg&#8221; background_image=&#8221;https:\/\/www.toindo.com.br\/brasesul2022\/wp-content\/uploads\/2021\/09\/Header.jpg&#8221; parallax=&#8221;on&#8221; parallax_method=&#8221;off&#8221; custom_margin=&#8221;||-60px|||&#8221; custom_padding=&#8221;54px||61px|||&#8221; da_disable_devices=&#8221;off|off|off&#8221; da_is_popup=&#8221;off&#8221; da_exit_intent=&#8221;off&#8221; da_has_close=&#8221;on&#8221; da_alt_close=&#8221;off&#8221; da_dark_close=&#8221;off&#8221; da_not_modal=&#8221;on&#8221; da_is_singular=&#8221;off&#8221; da_with_loader=&#8221;off&#8221; da_has_shadow=&#8221;on&#8221;][et_pb_row _builder_version=&#8221;4.9.4&#8243; _module_preset=&#8221;default&#8221;][et_pb_column type=&#8221;4_4&#8243; _builder_version=&#8221;4.9.4&#8243; _module_preset=&#8221;default&#8221;][et_pb_text _builder_version=&#8221;4.9.4&#8243; _module_preset=&#8221;default&#8221; text_font=&#8221;Montserrat||||||||&#8221; text_text_color=&#8221;#FFFFFF&#8221; text_font_size=&#8221;16px&#8221; text_line_height=&#8221;1.8em&#8221; header_3_font=&#8221;Montserrat||||||||&#8221; header_3_text_color=&#8221;#FFFFFF&#8221; hover_enabled=&#8221;0&#8243; sticky_enabled=&#8221;0&#8243;] A participa\u00e7\u00e3o no evento inclui: &#8211; Acesso aos dois dias de evento; -Palestras e Pain\u00e9is Exclusivos; [&hellip;]<\/p>\n","protected":false},"author":1,"featured_media":0,"parent":0,"menu_order":0,"comment_status":"closed","ping_status":"closed","template":"","meta":{"_et_pb_use_builder":"on","_et_pb_old_content":"","_et_gb_content_width":""},"_links":{"self":[{"href":"https:\/\/www.toindo.com.br\/brasesul2022\/wp-json\/wp\/v2\/pages\/2134"}],"collection":[{"href":"https:\/\/www.toindo.com.br\/brasesul2022\/wp-json\/wp\/v2\/pages"}],"about":[{"href":"https:\/\/www.toindo.com.br\/brasesul2022\/wp-json\/wp\/v2\/types\/page"}],"author":[{"embeddable":true,"href":"https:\/\/www.toindo.com.br\/brasesul2022\/wp-json\/wp\/v2\/users\/1"}],"replies":[{"embeddable":true,"href":"https:\/\/www.toindo.com.br\/brasesul2022\/wp-json\/wp\/v2\/comments?post=2134"}],"version-history":[{"count":10,"href":"https:\/\/www.toindo.com.br\/brasesul2022\/wp-json\/wp\/v2\/pages\/2134\/revisions"}],"predecessor-version":[{"id":2232,"href":"https:\/\/www.toindo.com.br\/brasesul2022\/wp-json\/wp\/v2\/pages\/2134\/revisions\/2232"}],"wp:attachment":[{"href":"https:\/\/www.toindo.com.br\/brasesul2022\/wp-json\/wp\/v2\/media?parent=2134"}],"curies":[{"name":"wp","href":"https:\/\/api.w.org\/{rel}","templated":true}]}}