
{"id":1667,"date":"2021-07-15T14:21:05","date_gmt":"2021-07-15T17:21:05","guid":{"rendered":"https:\/\/www.toindo.com.br\/brasesul2022\/?post_type=product&#038;p=1667"},"modified":"2022-05-15T14:29:21","modified_gmt":"2022-05-15T17:29:21","slug":"hotel-ibis-budget-foz","status":"publish","type":"product","link":"https:\/\/www.toindo.com.br\/brasesul2022\/produto\/hotel-ibis-budget-foz\/","title":{"rendered":"Hotel Ibis Budget Foz"},"content":{"rendered":"<p>[et_pb_section fb_built=&#8221;1&#8243; _builder_version=&#8221;4.9.4&#8243; custom_padding=&#8221;|5%||5%|false|false&#8221; da_disable_devices=&#8221;off|off|off&#8221; da_is_popup=&#8221;off&#8221; da_exit_intent=&#8221;off&#8221; da_has_close=&#8221;on&#8221; da_alt_close=&#8221;off&#8221; da_dark_close=&#8221;off&#8221; da_not_modal=&#8221;on&#8221; da_is_singular=&#8221;off&#8221; da_with_loader=&#8221;off&#8221; da_has_shadow=&#8221;on&#8221;][et_pb_row _builder_version=&#8221;3.25&#8243; background_size=&#8221;initial&#8221; background_position=&#8221;top_left&#8221; background_repeat=&#8221;repeat&#8221; width=&#8221;100%&#8221; custom_padding=&#8221;0px||0px||false|false&#8221;][et_pb_column type=&#8221;4_4&#8243; _builder_version=&#8221;3.25&#8243; custom_padding=&#8221;|||&#8221; custom_padding__hover=&#8221;|||&#8221;][et_pb_wc_breadcrumb _builder_version=&#8221;3.0.47&#8243;][\/et_pb_wc_breadcrumb][et_pb_wc_cart_notice _builder_version=&#8221;3.0.47&#8243;][\/et_pb_wc_cart_notice][\/et_pb_column][\/et_pb_row][et_pb_row column_structure=&#8221;1_2,1_2&#8243; _builder_version=&#8221;3.25&#8243; background_size=&#8221;initial&#8221; background_position=&#8221;top_left&#8221; background_repeat=&#8221;repeat&#8221; width=&#8221;100%&#8221; custom_padding=&#8221;0px||||false|false&#8221;][et_pb_column type=&#8221;1_2&#8243; _builder_version=&#8221;3.25&#8243; custom_padding=&#8221;|||&#8221; custom_padding__hover=&#8221;|||&#8221;][et_pb_wc_images _builder_version=&#8221;3.0.47&#8243;][\/et_pb_wc_images][\/et_pb_column][et_pb_column type=&#8221;1_2&#8243; _builder_version=&#8221;3.25&#8243; custom_padding=&#8221;|||&#8221; custom_padding__hover=&#8221;|||&#8221;][et_pb_wc_title _builder_version=&#8221;3.0.47&#8243;][\/et_pb_wc_title][et_pb_wc_rating _builder_version=&#8221;3.0.47&#8243;][\/et_pb_wc_rating][et_pb_wc_price _builder_version=&#8221;3.0.47&#8243;][\/et_pb_wc_price][et_pb_wc_description _builder_version=&#8221;3.0.47&#8243;][\/et_pb_wc_description][et_pb_wc_add_to_cart show_quantity=&#8221;off&#8221; show_stock=&#8221;off&#8221; _builder_version=&#8221;4.9.4&#8243; _module_preset=&#8221;default&#8221;][\/et_pb_wc_add_to_cart][\/et_pb_column][\/et_pb_row][et_pb_row _builder_version=&#8221;3.25&#8243; background_size=&#8221;initial&#8221; background_position=&#8221;top_left&#8221; background_repeat=&#8221;repeat&#8221; width=&#8221;100%&#8221;][et_pb_column type=&#8221;4_4&#8243; _builder_version=&#8221;3.25&#8243; custom_padding=&#8221;|||&#8221; custom_padding__hover=&#8221;|||&#8221;][\/et_pb_column][\/et_pb_row][\/et_pb_section]<\/p>\n","protected":false},"excerpt":{"rendered":"<p>Av. Rep\u00fablica Argentina, 1834 &#8211; Jardim Tarob\u00e1, Foz do Igua\u00e7u &#8211; PR, 85852-016<\/p>\n<div class=\"item-comodidade\">\n<p><strong>Principais Comodidades<\/strong><\/p>\n<div class=\"lista-comodidade\">\n<div class=\"item-comodidade\"><span class=\"ico\"><img src=\"https:\/\/www.toindo.com.br\/brasesul2\/uploads\/opcionais\/ico-wifi.png\" \/><\/span>\u00a0<span class=\"nome\">WiFi Gratuito<\/span><\/div>\n<div class=\"item-comodidade\"><span class=\"ico\"><img src=\"https:\/\/www.toindo.com.br\/brasesul2\/uploads\/opcionais\/cafe.jpg\" \/><\/span>\u00a0<span class=\"nome\">Caf\u00e9 da Manh\u00e3<\/span><\/div>\n<div class=\"item-comodidade\"><span class=\"ico\"><img src=\"https:\/\/www.toindo.com.br\/brasesul2\/uploads\/opcionais\/ar-condicionado_318-110151-iloveimg-resized.jpg\" \/><\/span>\u00a0<span class=\"nome\">Ar Condicionado<\/span><\/div>\n<div>N\u00e3o possui frigobar e telefone nos apartamentos<\/div>\n<\/div>\n<\/div>\n","protected":false},"featured_media":2966,"template":"","meta":{"_et_pb_use_builder":"on","_et_pb_old_content":"","_et_gb_content_width":""},"product_cat":[36],"product_tag":[],"_links":{"self":[{"href":"https:\/\/www.toindo.com.br\/brasesul2022\/wp-json\/wp\/v2\/product\/1667"}],"collection":[{"href":"https:\/\/www.toindo.com.br\/brasesul2022\/wp-json\/wp\/v2\/product"}],"about":[{"href":"https:\/\/www.toindo.com.br\/brasesul2022\/wp-json\/wp\/v2\/types\/product"}],"wp:featuredmedia":[{"embeddable":true,"href":"https:\/\/www.toindo.com.br\/brasesul2022\/wp-json\/wp\/v2\/media\/2966"}],"wp:attachment":[{"href":"https:\/\/www.toindo.com.br\/brasesul2022\/wp-json\/wp\/v2\/media?parent=1667"}],"wp:term":[{"taxonomy":"product_cat","embeddable":true,"href":"https:\/\/www.toindo.com.br\/brasesul2022\/wp-json\/wp\/v2\/product_cat?post=1667"},{"taxonomy":"product_tag","embeddable":true,"href":"https:\/\/www.toindo.com.br\/brasesul2022\/wp-json\/wp\/v2\/product_tag?post=1667"}],"curies":[{"name":"wp","href":"https:\/\/api.w.org\/{rel}","templated":true}]}}